{"id":347,"date":"2024-08-28T12:45:21","date_gmt":"2024-08-28T12:45:21","guid":{"rendered":"https:\/\/domus-designs.com\/?page_id=347"},"modified":"2024-09-23T09:11:00","modified_gmt":"2024-09-23T09:11:00","slug":"novosti","status":"publish","type":"page","link":"https:\/\/domus-designs.com\/?page_id=347","title":{"rendered":"Novosti"},"content":{"rendered":"\t\t<div data-elementor-type=\"wp-page\" data-elementor-id=\"347\" class=\"elementor elementor-347\" data-elementor-post-type=\"page\">\n\t\t\t\t\t\t<section class=\"elementor-section elementor-top-section elementor-element elementor-element-7e97f486 elementor-section-height-min-height elementor-section-boxed elementor-section-height-default elementor-section-items-middle\" data-id=\"7e97f486\" data-element_type=\"section\" data-settings=\"{&quot;background_background&quot;:&quot;classic&quot;}\">\n\t\t\t\t\t\t\t<div class=\"elementor-background-overlay\"><\/div>\n\t\t\t\t\t\t\t<div class=\"elementor-container elementor-column-gap-default\">\n\t\t\t\t\t<div class=\"elementor-column elementor-col-100 elementor-top-column elementor-element elementor-element-187659b6\" data-id=\"187659b6\" data-element_type=\"column\">\n\t\t\t<div class=\"elementor-widget-wrap elementor-element-populated\">\n\t\t\t\t\t\t<div class=\"elementor-element elementor-element-219e885b elementor-widget elementor-widget-heading\" data-id=\"219e885b\" data-element_type=\"widget\" data-widget_type=\"heading.default\">\n\t\t\t\t<div class=\"elementor-widget-container\">\n\t\t\t<style>\/*! elementor - v3.23.0 - 05-08-2024 *\/\n.elementor-heading-title{padding:0;margin:0;line-height:1}.elementor-widget-heading .elementor-heading-title[class*=elementor-size-]>a{color:inherit;font-size:inherit;line-height:inherit}.elementor-widget-heading .elementor-heading-title.elementor-size-small{font-size:15px}.elementor-widget-heading .elementor-heading-title.elementor-size-medium{font-size:19px}.elementor-widget-heading .elementor-heading-title.elementor-size-large{font-size:29px}.elementor-widget-heading .elementor-heading-title.elementor-size-xl{font-size:39px}.elementor-widget-heading .elementor-heading-title.elementor-size-xxl{font-size:59px}<\/style><h2 class=\"elementor-heading-title elementor-size-default\">Novosti<\/h2>\t\t<\/div>\n\t\t\t\t<\/div>\n\t\t\t\t\t<\/div>\n\t\t<\/div>\n\t\t\t\t\t<\/div>\n\t\t<\/section>\n\t\t\t\t<section class=\"elementor-section elementor-top-section elementor-element elementor-element-158bd17 elementor-section-boxed elementor-section-height-default elementor-section-height-default\" data-id=\"158bd17\" data-element_type=\"section\">\n\t\t\t\t\t\t<div class=\"elementor-container elementor-column-gap-default\">\n\t\t\t\t\t<div class=\"elementor-column elementor-col-100 elementor-top-column elementor-element elementor-element-9a38e3a\" data-id=\"9a38e3a\" data-element_type=\"column\">\n\t\t\t<div class=\"elementor-widget-wrap elementor-element-populated\">\n\t\t\t\t\t\t<div class=\"elementor-element elementor-element-a6da0e5 elementor-widget elementor-widget-heading\" data-id=\"a6da0e5\" data-element_type=\"widget\" data-widget_type=\"heading.default\">\n\t\t\t\t<div class=\"elementor-widget-container\">\n\t\t\t<h2 class=\"elementor-heading-title elementor-size-default\">ZADNJE NOVOSTI - DOMUS DESIGNS<\/h2>\t\t<\/div>\n\t\t\t\t<\/div>\n\t\t\t\t<div class=\"elementor-element elementor-element-75bf8a9 elementor-widget elementor-widget-heading\" data-id=\"75bf8a9\" data-element_type=\"widget\" data-widget_type=\"heading.default\">\n\t\t\t\t<div class=\"elementor-widget-container\">\n\t\t\t<h3 class=\"elementor-heading-title elementor-size-default\">NOVOSTI<\/h3>\t\t<\/div>\n\t\t\t\t<\/div>\n\t\t\t\t<div class=\"elementor-element elementor-element-12ef858 elementor-widget elementor-widget-text-editor\" data-id=\"12ef858\" data-element_type=\"widget\" data-widget_type=\"text-editor.default\">\n\t\t\t\t<div class=\"elementor-widget-container\">\n\t\t\t<style>\/*! elementor - v3.23.0 - 05-08-2024 *\/\n.elementor-widget-text-editor.elementor-drop-cap-view-stacked .elementor-drop-cap{background-color:#69727d;color:#fff}.elementor-widget-text-editor.elementor-drop-cap-view-framed .elementor-drop-cap{color:#69727d;border:3px solid;background-color:transparent}.elementor-widget-text-editor:not(.elementor-drop-cap-view-default) .elementor-drop-cap{margin-top:8px}.elementor-widget-text-editor:not(.elementor-drop-cap-view-default) .elementor-drop-cap-letter{width:1em;height:1em}.elementor-widget-text-editor .elementor-drop-cap{float:left;text-align:center;line-height:1;font-size:50px}.elementor-widget-text-editor .elementor-drop-cap-letter{display:inline-block}<\/style>\t\t\t\t<p>Redovno \u0107emo vas obavje\u0161tavati o najnovijim projektima, inovacijama i dostignu\u0107ima u oblasti arhitektonskog projektovanja i konstruktivne dokumentacije. Ovdje \u0107ete prona\u0107i informacije o na\u0161im najnovijim radovima, kao i savjete i inspiraciju za va\u0161 budu\u0107i projekt. Pratite nas kako biste bili u toku s najnovijim trendovima i doga\u0111anjima u svijetu gra\u0111evinarstva i dizajna, te kako biste saznali vi\u0161e o na\u0161im uslugama i stru\u010dnom timu koji stoji iza svake realizacije.<\/p>\t\t\t\t\t\t<\/div>\n\t\t\t\t<\/div>\n\t\t\t\t<div class=\"elementor-element elementor-element-2820329 elementor-posts--align-center elementor-grid-3 elementor-grid-tablet-2 elementor-grid-mobile-1 elementor-posts--thumbnail-top elementor-posts__hover-gradient elementor-widget elementor-widget-posts\" data-id=\"2820329\" data-element_type=\"widget\" data-settings=\"{&quot;cards_columns&quot;:&quot;3&quot;,&quot;cards_columns_tablet&quot;:&quot;2&quot;,&quot;cards_columns_mobile&quot;:&quot;1&quot;,&quot;cards_row_gap&quot;:{&quot;unit&quot;:&quot;px&quot;,&quot;size&quot;:35,&quot;sizes&quot;:[]},&quot;cards_row_gap_tablet&quot;:{&quot;unit&quot;:&quot;px&quot;,&quot;size&quot;:&quot;&quot;,&quot;sizes&quot;:[]},&quot;cards_row_gap_mobile&quot;:{&quot;unit&quot;:&quot;px&quot;,&quot;size&quot;:&quot;&quot;,&quot;sizes&quot;:[]}}\" data-widget_type=\"posts.cards\">\n\t\t\t\t<div class=\"elementor-widget-container\">\n\t\t\t<link rel=\"stylesheet\" href=\"https:\/\/domus-designs.com\/wp-content\/plugins\/elementor-pro\/assets\/css\/widget-posts.min.css?ver=1724843621\">\t\t<div class=\"elementor-posts-container elementor-posts elementor-posts--skin-cards elementor-grid\">\n\t\t\t\t<article class=\"elementor-post elementor-grid-item post-169 post type-post status-publish format-standard has-post-thumbnail hentry category-news tag-architecture tag-buildings tag-home\">\n\t\t\t<div class=\"elementor-post__card\">\n\t\t\t\t<a class=\"elementor-post__thumbnail__link\" href=\"https:\/\/domus-designs.com\/?p=169\" tabindex=\"-1\" ><div class=\"elementor-post__thumbnail\"><img fetchpriority=\"high\" decoding=\"async\" width=\"900\" height=\"900\" src=\"https:\/\/domus-designs.com\/wp-content\/uploads\/2022\/02\/P2.jpg\" class=\"attachment-full size-full wp-image-158\" alt=\"\" srcset=\"https:\/\/domus-designs.com\/wp-content\/uploads\/2022\/02\/P2.jpg 900w, https:\/\/domus-designs.com\/wp-content\/uploads\/2022\/02\/P2-300x300.jpg 300w, https:\/\/domus-designs.com\/wp-content\/uploads\/2022\/02\/P2-150x150.jpg 150w, https:\/\/domus-designs.com\/wp-content\/uploads\/2022\/02\/P2-768x768.jpg 768w\" sizes=\"(max-width: 900px) 100vw, 900px\" \/><\/div><\/a>\n\t\t\t\t<div class=\"elementor-post__badge\">News<\/div>\n\t\t\t\t<div class=\"elementor-post__text\">\n\t\t\t\t<h3 class=\"elementor-post__title\">\n\t\t\t<a href=\"https:\/\/domus-designs.com\/?p=169\" >\n\t\t\t\tHome, Buildings and Architecture\t\t\t<\/a>\n\t\t<\/h3>\n\t\t\t\t<div class=\"elementor-post__excerpt\">\n\t\t\t<p>Lorem ipsum dolor sit amet, consectetur adipiscing elit. Nunc quis dui ante. Suspendisse mollis consectetur hendrerit. Proin luctus eros lacus, in sagittis risus porta sed. Nullam sed malesuada dolor. Aliquam ut ullamcorper orci, ut scelerisque nulla. Sed sed sapien magna. Curabitur id eros a mauris ullamcorper vulputate. Sed pulvinar purus<\/p>\n\t\t<\/div>\n\t\t\n\t\t<a class=\"elementor-post__read-more\" href=\"https:\/\/domus-designs.com\/?p=169\" aria-label=\"Read more about Home, Buildings and Architecture\" tabindex=\"-1\" >\n\t\t\tRead More \u00bb\t\t<\/a>\n\n\t\t\t\t<\/div>\n\t\t\t\t<div class=\"elementor-post__meta-data\">\n\t\t\t\t\t<span class=\"elementor-post-date\">\n\t\t\tAugust 28, 2024\t\t<\/span>\n\t\t\t\t<span class=\"elementor-post-avatar\">\n\t\t\tNo Comments\t\t<\/span>\n\t\t\t\t<\/div>\n\t\t\t\t\t<\/div>\n\t\t<\/article>\n\t\t\t\t<article class=\"elementor-post elementor-grid-item post-167 post type-post status-publish format-standard has-post-thumbnail hentry category-news tag-bedroom tag-decoration tag-elegance\">\n\t\t\t<div class=\"elementor-post__card\">\n\t\t\t\t<a class=\"elementor-post__thumbnail__link\" href=\"https:\/\/domus-designs.com\/?p=167\" tabindex=\"-1\" ><div class=\"elementor-post__thumbnail\"><img decoding=\"async\" width=\"900\" height=\"600\" src=\"https:\/\/domus-designs.com\/wp-content\/uploads\/2022\/02\/P39.jpg\" class=\"attachment-full size-full wp-image-168\" alt=\"\" srcset=\"https:\/\/domus-designs.com\/wp-content\/uploads\/2022\/02\/P39.jpg 900w, https:\/\/domus-designs.com\/wp-content\/uploads\/2022\/02\/P39-300x200.jpg 300w, https:\/\/domus-designs.com\/wp-content\/uploads\/2022\/02\/P39-768x512.jpg 768w\" sizes=\"(max-width: 900px) 100vw, 900px\" \/><\/div><\/a>\n\t\t\t\t<div class=\"elementor-post__badge\">News<\/div>\n\t\t\t\t<div class=\"elementor-post__text\">\n\t\t\t\t<h3 class=\"elementor-post__title\">\n\t\t\t<a href=\"https:\/\/domus-designs.com\/?p=167\" >\n\t\t\t\t7 Decortion Idea to Bring Elegance to Your Bedroom\t\t\t<\/a>\n\t\t<\/h3>\n\t\t\t\t<div class=\"elementor-post__excerpt\">\n\t\t\t<p>Lorem ipsum dolor sit amet, consectetur adipiscing elit. Nunc quis dui ante. Suspendisse mollis consectetur hendrerit. Proin luctus eros lacus, in sagittis risus porta sed. Nullam sed malesuada dolor. Aliquam ut ullamcorper orci, ut scelerisque nulla. Sed sed sapien magna. Curabitur id eros a mauris ullamcorper vulputate. Sed pulvinar purus<\/p>\n\t\t<\/div>\n\t\t\n\t\t<a class=\"elementor-post__read-more\" href=\"https:\/\/domus-designs.com\/?p=167\" aria-label=\"Read more about 7 Decortion Idea to Bring Elegance to Your Bedroom\" tabindex=\"-1\" >\n\t\t\tRead More \u00bb\t\t<\/a>\n\n\t\t\t\t<\/div>\n\t\t\t\t<div class=\"elementor-post__meta-data\">\n\t\t\t\t\t<span class=\"elementor-post-date\">\n\t\t\tAugust 28, 2024\t\t<\/span>\n\t\t\t\t<span class=\"elementor-post-avatar\">\n\t\t\tNo Comments\t\t<\/span>\n\t\t\t\t<\/div>\n\t\t\t\t\t<\/div>\n\t\t<\/article>\n\t\t\t\t<article class=\"elementor-post elementor-grid-item post-165 post type-post status-publish format-standard has-post-thumbnail hentry category-tips-and-trick tag-design tag-interior tag-tips\">\n\t\t\t<div class=\"elementor-post__card\">\n\t\t\t\t<a class=\"elementor-post__thumbnail__link\" href=\"https:\/\/domus-designs.com\/?p=165\" tabindex=\"-1\" ><div class=\"elementor-post__thumbnail\"><img decoding=\"async\" width=\"900\" height=\"600\" src=\"https:\/\/domus-designs.com\/wp-content\/uploads\/2022\/02\/P38.jpg\" class=\"attachment-full size-full wp-image-166\" alt=\"\" srcset=\"https:\/\/domus-designs.com\/wp-content\/uploads\/2022\/02\/P38.jpg 900w, https:\/\/domus-designs.com\/wp-content\/uploads\/2022\/02\/P38-300x200.jpg 300w, https:\/\/domus-designs.com\/wp-content\/uploads\/2022\/02\/P38-768x512.jpg 768w\" sizes=\"(max-width: 900px) 100vw, 900px\" \/><\/div><\/a>\n\t\t\t\t<div class=\"elementor-post__badge\">Tips And Trick<\/div>\n\t\t\t\t<div class=\"elementor-post__text\">\n\t\t\t\t<h3 class=\"elementor-post__title\">\n\t\t\t<a href=\"https:\/\/domus-designs.com\/?p=165\" >\n\t\t\t\tTips From an Interior Designer: How to Maximize Small Interior\t\t\t<\/a>\n\t\t<\/h3>\n\t\t\t\t<div class=\"elementor-post__excerpt\">\n\t\t\t<p>Lorem ipsum dolor sit amet, consectetur adipiscing elit. Nunc quis dui ante. Suspendisse mollis consectetur hendrerit. Proin luctus eros lacus, in sagittis risus porta sed. Nullam sed malesuada dolor. Aliquam ut ullamcorper orci, ut scelerisque nulla. Sed sed sapien magna. Curabitur id eros a mauris ullamcorper vulputate. Sed pulvinar purus<\/p>\n\t\t<\/div>\n\t\t\n\t\t<a class=\"elementor-post__read-more\" href=\"https:\/\/domus-designs.com\/?p=165\" aria-label=\"Read more about Tips From an Interior Designer: How to Maximize Small Interior\" tabindex=\"-1\" >\n\t\t\tRead More \u00bb\t\t<\/a>\n\n\t\t\t\t<\/div>\n\t\t\t\t<div class=\"elementor-post__meta-data\">\n\t\t\t\t\t<span class=\"elementor-post-date\">\n\t\t\tAugust 28, 2024\t\t<\/span>\n\t\t\t\t<span class=\"elementor-post-avatar\">\n\t\t\tNo Comments\t\t<\/span>\n\t\t\t\t<\/div>\n\t\t\t\t\t<\/div>\n\t\t<\/article>\n\t\t\t\t<\/div>\n\t\t\n\t\t\t\t<\/div>\n\t\t\t\t<\/div>\n\t\t\t\t\t<\/div>\n\t\t<\/div>\n\t\t\t\t\t<\/div>\n\t\t<\/section>\n\t\t\t\t<\/div>\n\t\t","protected":false},"excerpt":{"rendered":"<p>Novosti ZADNJE NOVOSTI &#8211; DOMUS DESIGNS NOVOSTI Redovno \u0107emo vas obavje\u0161tavati o najnovijim projektima, inovacijama i dostignu\u0107ima u oblasti arhitektonskog projektovanja i konstruktivne dokumentacije. Ovdje \u0107ete prona\u0107i informacije o na\u0161im najnovijim radovima, kao i savjete i inspiraciju za va\u0161 budu\u0107i projekt. Pratite nas kako biste bili u toku s najnovijim trendovima i doga\u0111anjima u svijetu [&hellip;]<\/p>\n","protected":false},"author":3,"featured_media":0,"parent":0,"menu_order":0,"comment_status":"closed","ping_status":"closed","template":"elementor_header_footer","meta":{"footnotes":""},"class_list":["post-347","page","type-page","status-publish","hentry"],"_links":{"self":[{"href":"https:\/\/domus-designs.com\/index.php?rest_route=\/wp\/v2\/pages\/347","targetHints":{"allow":["GET"]}}],"collection":[{"href":"https:\/\/domus-designs.com\/index.php?rest_route=\/wp\/v2\/pages"}],"about":[{"href":"https:\/\/domus-designs.com\/index.php?rest_route=\/wp\/v2\/types\/page"}],"author":[{"embeddable":true,"href":"https:\/\/domus-designs.com\/index.php?rest_route=\/wp\/v2\/users\/3"}],"replies":[{"embeddable":true,"href":"https:\/\/domus-designs.com\/index.php?rest_route=%2Fwp%2Fv2%2Fcomments&post=347"}],"version-history":[{"count":10,"href":"https:\/\/domus-designs.com\/index.php?rest_route=\/wp\/v2\/pages\/347\/revisions"}],"predecessor-version":[{"id":683,"href":"https:\/\/domus-designs.com\/index.php?rest_route=\/wp\/v2\/pages\/347\/revisions\/683"}],"wp:attachment":[{"href":"https:\/\/domus-designs.com\/index.php?rest_route=%2Fwp%2Fv2%2Fmedia&parent=347"}],"curies":[{"name":"wp","href":"https:\/\/api.w.org\/{rel}","templated":true}]}}