{"id":342,"date":"2024-08-28T12:44:05","date_gmt":"2024-08-28T12:44:05","guid":{"rendered":"https:\/\/domus-designs.com\/?page_id=342"},"modified":"2024-09-24T11:59:56","modified_gmt":"2024-09-24T11:59:56","slug":"nadzor-nad-izgradnjom","status":"publish","type":"page","link":"https:\/\/domus-designs.com\/?page_id=342","title":{"rendered":"Nadzor nad izgradnjom"},"content":{"rendered":"\t\t<div data-elementor-type=\"wp-page\" data-elementor-id=\"342\" class=\"elementor elementor-342\" data-elementor-post-type=\"page\">\n\t\t\t\t\t\t<section class=\"elementor-section elementor-top-section elementor-element elementor-element-4c3396e8 elementor-section-height-min-height elementor-section-boxed elementor-section-height-default elementor-section-items-middle\" data-id=\"4c3396e8\" data-element_type=\"section\" data-settings=\"{&quot;background_background&quot;:&quot;classic&quot;}\">\n\t\t\t\t\t\t\t<div class=\"elementor-background-overlay\"><\/div>\n\t\t\t\t\t\t\t<div class=\"elementor-container elementor-column-gap-default\">\n\t\t\t\t\t<div class=\"elementor-column elementor-col-100 elementor-top-column elementor-element elementor-element-3de8ed14\" data-id=\"3de8ed14\" data-element_type=\"column\">\n\t\t\t<div class=\"elementor-widget-wrap elementor-element-populated\">\n\t\t\t\t\t\t<div class=\"elementor-element elementor-element-4bed77c6 elementor-widget elementor-widget-heading\" data-id=\"4bed77c6\" data-element_type=\"widget\" data-widget_type=\"heading.default\">\n\t\t\t\t<div class=\"elementor-widget-container\">\n\t\t\t<style>\/*! elementor - v3.23.0 - 05-08-2024 *\/\n.elementor-heading-title{padding:0;margin:0;line-height:1}.elementor-widget-heading .elementor-heading-title[class*=elementor-size-]>a{color:inherit;font-size:inherit;line-height:inherit}.elementor-widget-heading .elementor-heading-title.elementor-size-small{font-size:15px}.elementor-widget-heading .elementor-heading-title.elementor-size-medium{font-size:19px}.elementor-widget-heading .elementor-heading-title.elementor-size-large{font-size:29px}.elementor-widget-heading .elementor-heading-title.elementor-size-xl{font-size:39px}.elementor-widget-heading .elementor-heading-title.elementor-size-xxl{font-size:59px}<\/style><h2 class=\"elementor-heading-title elementor-size-default\">Nadzor Nad<br>\nIzgradnjom<\/h2>\t\t<\/div>\n\t\t\t\t<\/div>\n\t\t\t\t\t<\/div>\n\t\t<\/div>\n\t\t\t\t\t<\/div>\n\t\t<\/section>\n\t\t\t\t<section class=\"elementor-section elementor-top-section elementor-element elementor-element-dc0a58d elementor-section-boxed elementor-section-height-default elementor-section-height-default\" data-id=\"dc0a58d\" data-element_type=\"section\">\n\t\t\t\t\t\t<div class=\"elementor-container elementor-column-gap-default\">\n\t\t\t\t\t<div class=\"elementor-column elementor-col-50 elementor-top-column elementor-element elementor-element-e5d99b4\" data-id=\"e5d99b4\" data-element_type=\"column\">\n\t\t\t<div class=\"elementor-widget-wrap elementor-element-populated\">\n\t\t\t\t\t\t<div class=\"elementor-element elementor-element-164c7380 elementor-widget elementor-widget-spacer\" data-id=\"164c7380\" data-element_type=\"widget\" data-widget_type=\"spacer.default\">\n\t\t\t\t<div class=\"elementor-widget-container\">\n\t\t\t<style>\/*! elementor - v3.23.0 - 05-08-2024 *\/\n.elementor-column .elementor-spacer-inner{height:var(--spacer-size)}.e-con{--container-widget-width:100%}.e-con-inner>.elementor-widget-spacer,.e-con>.elementor-widget-spacer{width:var(--container-widget-width,var(--spacer-size));--align-self:var(--container-widget-align-self,initial);--flex-shrink:0}.e-con-inner>.elementor-widget-spacer>.elementor-widget-container,.e-con>.elementor-widget-spacer>.elementor-widget-container{height:100%;width:100%}.e-con-inner>.elementor-widget-spacer>.elementor-widget-container>.elementor-spacer,.e-con>.elementor-widget-spacer>.elementor-widget-container>.elementor-spacer{height:100%}.e-con-inner>.elementor-widget-spacer>.elementor-widget-container>.elementor-spacer>.elementor-spacer-inner,.e-con>.elementor-widget-spacer>.elementor-widget-container>.elementor-spacer>.elementor-spacer-inner{height:var(--container-widget-height,var(--spacer-size))}.e-con-inner>.elementor-widget-spacer.elementor-widget-empty,.e-con>.elementor-widget-spacer.elementor-widget-empty{position:relative;min-height:22px;min-width:22px}.e-con-inner>.elementor-widget-spacer.elementor-widget-empty .elementor-widget-empty-icon,.e-con>.elementor-widget-spacer.elementor-widget-empty .elementor-widget-empty-icon{position:absolute;top:0;bottom:0;left:0;right:0;margin:auto;padding:0;width:22px;height:22px}<\/style>\t\t<div class=\"elementor-spacer\">\n\t\t\t<div class=\"elementor-spacer-inner\"><\/div>\n\t\t<\/div>\n\t\t\t\t<\/div>\n\t\t\t\t<\/div>\n\t\t\t\t<div class=\"elementor-element elementor-element-1c30bbb4 elementor-widget elementor-widget-heading\" data-id=\"1c30bbb4\" data-element_type=\"widget\" data-widget_type=\"heading.default\">\n\t\t\t\t<div class=\"elementor-widget-container\">\n\t\t\t<h3 class=\"elementor-heading-title elementor-size-default\">Nadzor nad izgradnjom<\/h3>\t\t<\/div>\n\t\t\t\t<\/div>\n\t\t\t\t<div class=\"elementor-element elementor-element-d660377 elementor-widget elementor-widget-text-editor\" data-id=\"d660377\" data-element_type=\"widget\" data-widget_type=\"text-editor.default\">\n\t\t\t\t<div class=\"elementor-widget-container\">\n\t\t\t<style>\/*! elementor - v3.23.0 - 05-08-2024 *\/\n.elementor-widget-text-editor.elementor-drop-cap-view-stacked .elementor-drop-cap{background-color:#69727d;color:#fff}.elementor-widget-text-editor.elementor-drop-cap-view-framed .elementor-drop-cap{color:#69727d;border:3px solid;background-color:transparent}.elementor-widget-text-editor:not(.elementor-drop-cap-view-default) .elementor-drop-cap{margin-top:8px}.elementor-widget-text-editor:not(.elementor-drop-cap-view-default) .elementor-drop-cap-letter{width:1em;height:1em}.elementor-widget-text-editor .elementor-drop-cap{float:left;text-align:center;line-height:1;font-size:50px}.elementor-widget-text-editor .elementor-drop-cap-letter{display:inline-block}<\/style>\t\t\t\t<p>Nadzor nad izgradnjom je klju\u010dan proces koji osigurava da se svi gra\u0111evinski radovi odvijaju prema planiranoj arhitektonskoj i konstruktivnoj dokumentaciji, u skladu s tehni\u010dkim zahtjevima i zakonskim normama. Ovaj nadzor omogu\u0107ava da se svi elementi projektne dokumentacije, poput stati\u010dkih prora\u010duna, nacrta armature i planova oplate, precizno primijene na terenu.<\/p><p>Stru\u010dnjaci prate kvalitet materijala, tehniku gradnje i uskla\u0111enost s projektom, osiguravaju\u0107i pravilnu izvedbu armiranobetonskih i \u010deli\u010dnih konstrukcija. Nadzor sprje\u010dava odstupanja od plana, minimizira gre\u0161ke i dodatne tro\u0161kove, te osigurava da se gradnja odvija prema predvi\u0111enom vremenskom rasporedu i bud\u017eetu. Na ovaj na\u010din, investitorima se garantira sigurnost i uspje\u0161na realizacija projekta, u skladu s najvi\u0161im standardima kvalitete i estetike.<\/p>\t\t\t\t\t\t<\/div>\n\t\t\t\t<\/div>\n\t\t\t\t\t<\/div>\n\t\t<\/div>\n\t\t\t\t<div class=\"elementor-column elementor-col-50 elementor-top-column elementor-element elementor-element-8603995\" data-id=\"8603995\" data-element_type=\"column\">\n\t\t\t<div class=\"elementor-widget-wrap elementor-element-populated\">\n\t\t\t\t\t\t<div class=\"elementor-element elementor-element-e3699e7 elementor-widget elementor-widget-image\" data-id=\"e3699e7\" data-element_type=\"widget\" data-widget_type=\"image.default\">\n\t\t\t\t<div class=\"elementor-widget-container\">\n\t\t\t\t\t\t\t\t\t\t\t\t\t<img fetchpriority=\"high\" decoding=\"async\" width=\"1024\" height=\"683\" src=\"https:\/\/domus-designs.com\/wp-content\/uploads\/2024\/09\/team-of-professional-civil-engineers-and-architect-2024-02-19-14-29-57-utc-1024x683.jpg\" class=\"attachment-large size-large wp-image-751\" alt=\"\" srcset=\"https:\/\/domus-designs.com\/wp-content\/uploads\/2024\/09\/team-of-professional-civil-engineers-and-architect-2024-02-19-14-29-57-utc-1024x683.jpg 1024w, https:\/\/domus-designs.com\/wp-content\/uploads\/2024\/09\/team-of-professional-civil-engineers-and-architect-2024-02-19-14-29-57-utc-300x200.jpg 300w, https:\/\/domus-designs.com\/wp-content\/uploads\/2024\/09\/team-of-professional-civil-engineers-and-architect-2024-02-19-14-29-57-utc-768x512.jpg 768w, https:\/\/domus-designs.com\/wp-content\/uploads\/2024\/09\/team-of-professional-civil-engineers-and-architect-2024-02-19-14-29-57-utc-1536x1024.jpg 1536w, https:\/\/domus-designs.com\/wp-content\/uploads\/2024\/09\/team-of-professional-civil-engineers-and-architect-2024-02-19-14-29-57-utc-2048x1365.jpg 2048w\" sizes=\"(max-width: 1024px) 100vw, 1024px\" \/>\t\t\t\t\t\t\t\t\t\t\t\t\t<\/div>\n\t\t\t\t<\/div>\n\t\t\t\t\t<\/div>\n\t\t<\/div>\n\t\t\t\t\t<\/div>\n\t\t<\/section>\n\t\t\t\t<\/div>\n\t\t","protected":false},"excerpt":{"rendered":"<p>Nadzor Nad Izgradnjom Nadzor nad izgradnjom Nadzor nad izgradnjom je klju\u010dan proces koji osigurava da se svi gra\u0111evinski radovi odvijaju prema planiranoj arhitektonskoj i konstruktivnoj dokumentaciji, u skladu s tehni\u010dkim zahtjevima i zakonskim normama. Ovaj nadzor omogu\u0107ava da se svi elementi projektne dokumentacije, poput stati\u010dkih prora\u010duna, nacrta armature i planova oplate, precizno primijene na terenu. [&hellip;]<\/p>\n","protected":false},"author":3,"featured_media":0,"parent":0,"menu_order":0,"comment_status":"closed","ping_status":"closed","template":"elementor_header_footer","meta":{"footnotes":""},"class_list":["post-342","page","type-page","status-publish","hentry"],"_links":{"self":[{"href":"https:\/\/domus-designs.com\/index.php?rest_route=\/wp\/v2\/pages\/342","targetHints":{"allow":["GET"]}}],"collection":[{"href":"https:\/\/domus-designs.com\/index.php?rest_route=\/wp\/v2\/pages"}],"about":[{"href":"https:\/\/domus-designs.com\/index.php?rest_route=\/wp\/v2\/types\/page"}],"author":[{"embeddable":true,"href":"https:\/\/domus-designs.com\/index.php?rest_route=\/wp\/v2\/users\/3"}],"replies":[{"embeddable":true,"href":"https:\/\/domus-designs.com\/index.php?rest_route=%2Fwp%2Fv2%2Fcomments&post=342"}],"version-history":[{"count":19,"href":"https:\/\/domus-designs.com\/index.php?rest_route=\/wp\/v2\/pages\/342\/revisions"}],"predecessor-version":[{"id":754,"href":"https:\/\/domus-designs.com\/index.php?rest_route=\/wp\/v2\/pages\/342\/revisions\/754"}],"wp:attachment":[{"href":"https:\/\/domus-designs.com\/index.php?rest_route=%2Fwp%2Fv2%2Fmedia&parent=342"}],"curies":[{"name":"wp","href":"https:\/\/api.w.org\/{rel}","templated":true}]}}