{"id":327,"date":"2024-08-28T12:41:12","date_gmt":"2024-08-28T12:41:12","guid":{"rendered":"https:\/\/domus-designs.com\/?page_id=327"},"modified":"2024-09-23T08:38:30","modified_gmt":"2024-09-23T08:38:30","slug":"biro-za-konstrukciju","status":"publish","type":"page","link":"https:\/\/domus-designs.com\/?page_id=327","title":{"rendered":"Biro za konstrukciju"},"content":{"rendered":"\t\t<div data-elementor-type=\"wp-page\" data-elementor-id=\"327\" class=\"elementor elementor-327\" data-elementor-post-type=\"page\">\n\t\t\t\t\t\t<section class=\"elementor-section elementor-top-section elementor-element elementor-element-797361a9 elementor-section-height-min-height elementor-section-boxed elementor-section-height-default elementor-section-items-middle\" data-id=\"797361a9\" data-element_type=\"section\" data-settings=\"{&quot;background_background&quot;:&quot;classic&quot;}\">\n\t\t\t\t\t\t\t<div class=\"elementor-background-overlay\"><\/div>\n\t\t\t\t\t\t\t<div class=\"elementor-container elementor-column-gap-default\">\n\t\t\t\t\t<div class=\"elementor-column elementor-col-100 elementor-top-column elementor-element elementor-element-20cb0f64\" data-id=\"20cb0f64\" data-element_type=\"column\">\n\t\t\t<div class=\"elementor-widget-wrap elementor-element-populated\">\n\t\t\t\t\t\t<div class=\"elementor-element elementor-element-62e91735 elementor-widget elementor-widget-heading\" data-id=\"62e91735\" data-element_type=\"widget\" data-widget_type=\"heading.default\">\n\t\t\t\t<div class=\"elementor-widget-container\">\n\t\t\t<style>\/*! elementor - v3.23.0 - 05-08-2024 *\/\n.elementor-heading-title{padding:0;margin:0;line-height:1}.elementor-widget-heading .elementor-heading-title[class*=elementor-size-]>a{color:inherit;font-size:inherit;line-height:inherit}.elementor-widget-heading .elementor-heading-title.elementor-size-small{font-size:15px}.elementor-widget-heading .elementor-heading-title.elementor-size-medium{font-size:19px}.elementor-widget-heading .elementor-heading-title.elementor-size-large{font-size:29px}.elementor-widget-heading .elementor-heading-title.elementor-size-xl{font-size:39px}.elementor-widget-heading .elementor-heading-title.elementor-size-xxl{font-size:59px}<\/style><h2 class=\"elementor-heading-title elementor-size-default\">Biro za konstrukciju<\/h2>\t\t<\/div>\n\t\t\t\t<\/div>\n\t\t\t\t\t<\/div>\n\t\t<\/div>\n\t\t\t\t\t<\/div>\n\t\t<\/section>\n\t\t\t\t<section class=\"elementor-section elementor-top-section elementor-element elementor-element-173b9297 elementor-reverse-tablet elementor-reverse-mobile elementor-section-boxed elementor-section-height-default elementor-section-height-default\" data-id=\"173b9297\" data-element_type=\"section\">\n\t\t\t\t\t\t<div class=\"elementor-container elementor-column-gap-default\">\n\t\t\t\t\t<div class=\"elementor-column elementor-col-100 elementor-top-column elementor-element elementor-element-66260c47\" data-id=\"66260c47\" data-element_type=\"column\">\n\t\t\t<div class=\"elementor-widget-wrap elementor-element-populated\">\n\t\t\t\t\t\t<div class=\"elementor-element elementor-element-21ad8195 elementor-widget elementor-widget-heading\" data-id=\"21ad8195\" data-element_type=\"widget\" data-widget_type=\"heading.default\">\n\t\t\t\t<div class=\"elementor-widget-container\">\n\t\t\t<h2 class=\"elementor-heading-title elementor-size-default\">NA\u0160E USLUGE<\/h2>\t\t<\/div>\n\t\t\t\t<\/div>\n\t\t\t\t<div class=\"elementor-element elementor-element-539ef999 elementor-widget elementor-widget-heading\" data-id=\"539ef999\" data-element_type=\"widget\" data-widget_type=\"heading.default\">\n\t\t\t\t<div class=\"elementor-widget-container\">\n\t\t\t<h3 class=\"elementor-heading-title elementor-size-default\">BIRO ZA KONSTRUKCIJU<\/h3>\t\t<\/div>\n\t\t\t\t<\/div>\n\t\t\t\t<div class=\"elementor-element elementor-element-159bc4c3 elementor-widget elementor-widget-text-editor\" data-id=\"159bc4c3\" data-element_type=\"widget\" data-widget_type=\"text-editor.default\">\n\t\t\t\t<div class=\"elementor-widget-container\">\n\t\t\t<style>\/*! elementor - v3.23.0 - 05-08-2024 *\/\n.elementor-widget-text-editor.elementor-drop-cap-view-stacked .elementor-drop-cap{background-color:#69727d;color:#fff}.elementor-widget-text-editor.elementor-drop-cap-view-framed .elementor-drop-cap{color:#69727d;border:3px solid;background-color:transparent}.elementor-widget-text-editor:not(.elementor-drop-cap-view-default) .elementor-drop-cap{margin-top:8px}.elementor-widget-text-editor:not(.elementor-drop-cap-view-default) .elementor-drop-cap-letter{width:1em;height:1em}.elementor-widget-text-editor .elementor-drop-cap{float:left;text-align:center;line-height:1;font-size:50px}.elementor-widget-text-editor .elementor-drop-cap-letter{display:inline-block}<\/style>\t\t\t\t<p>Biro za konstrukciju specijaliziran je za pru\u017eanje sveobuhvatnih usluga u oblasti projektovanja, uklju\u010duju\u0107i izradu armaturnih nacrta, planova oplate i stati\u010dkih prora\u010duna. Na\u0161 tim stru\u010dnjaka osigurava da svi elementi budu precizno dizajnirani i prilago\u0111eni specifi\u010dnim potrebama projekta, \u010dime garantujemo stabilnost i sigurnost konstrukcija. Kroz detaljnu analizu i inovativna rje\u0161enja, pru\u017eamo podr\u0161ku u svakoj fazi izgradnje, od koncepta do realizacije.<\/p>\t\t\t\t\t\t<\/div>\n\t\t\t\t<\/div>\n\t\t\t\t<section class=\"elementor-section elementor-inner-section elementor-element elementor-element-1b358afc elementor-section-boxed elementor-section-height-default elementor-section-height-default\" data-id=\"1b358afc\" data-element_type=\"section\">\n\t\t\t\t\t\t<div class=\"elementor-container elementor-column-gap-default\">\n\t\t\t\t\t<div class=\"elementor-column elementor-col-33 elementor-inner-column elementor-element elementor-element-b9cc05f\" data-id=\"b9cc05f\" data-element_type=\"column\">\n\t\t\t<div class=\"elementor-widget-wrap elementor-element-populated\">\n\t\t\t\t\t\t<div class=\"elementor-element elementor-element-569123cd elementor-position-top elementor-widget elementor-widget-image-box\" data-id=\"569123cd\" data-element_type=\"widget\" data-widget_type=\"image-box.default\">\n\t\t\t\t<div class=\"elementor-widget-container\">\n\t\t\t<style>\/*! elementor - v3.23.0 - 05-08-2024 *\/\n.elementor-widget-image-box .elementor-image-box-content{width:100%}@media (min-width:768px){.elementor-widget-image-box.elementor-position-left .elementor-image-box-wrapper,.elementor-widget-image-box.elementor-position-right .elementor-image-box-wrapper{display:flex}.elementor-widget-image-box.elementor-position-right .elementor-image-box-wrapper{text-align:end;flex-direction:row-reverse}.elementor-widget-image-box.elementor-position-left .elementor-image-box-wrapper{text-align:start;flex-direction:row}.elementor-widget-image-box.elementor-position-top .elementor-image-box-img{margin:auto}.elementor-widget-image-box.elementor-vertical-align-top .elementor-image-box-wrapper{align-items:flex-start}.elementor-widget-image-box.elementor-vertical-align-middle .elementor-image-box-wrapper{align-items:center}.elementor-widget-image-box.elementor-vertical-align-bottom .elementor-image-box-wrapper{align-items:flex-end}}@media (max-width:767px){.elementor-widget-image-box .elementor-image-box-img{margin-left:auto!important;margin-right:auto!important;margin-bottom:15px}}.elementor-widget-image-box .elementor-image-box-img{display:inline-block}.elementor-widget-image-box .elementor-image-box-title a{color:inherit}.elementor-widget-image-box .elementor-image-box-wrapper{text-align:center}.elementor-widget-image-box .elementor-image-box-description{margin:0}<\/style><div class=\"elementor-image-box-wrapper\"><figure class=\"elementor-image-box-img\"><img fetchpriority=\"high\" decoding=\"async\" width=\"2500\" height=\"2500\" src=\"https:\/\/domus-designs.com\/wp-content\/uploads\/2024\/08\/I14.png\" class=\"attachment-full size-full wp-image-80\" alt=\"\" srcset=\"https:\/\/domus-designs.com\/wp-content\/uploads\/2024\/08\/I14.png 2500w, https:\/\/domus-designs.com\/wp-content\/uploads\/2024\/08\/I14-300x300.png 300w, https:\/\/domus-designs.com\/wp-content\/uploads\/2024\/08\/I14-1024x1024.png 1024w, https:\/\/domus-designs.com\/wp-content\/uploads\/2024\/08\/I14-150x150.png 150w, https:\/\/domus-designs.com\/wp-content\/uploads\/2024\/08\/I14-768x768.png 768w, https:\/\/domus-designs.com\/wp-content\/uploads\/2024\/08\/I14-1536x1536.png 1536w, https:\/\/domus-designs.com\/wp-content\/uploads\/2024\/08\/I14-2048x2048.png 2048w\" sizes=\"(max-width: 2500px) 100vw, 2500px\" \/><\/figure><div class=\"elementor-image-box-content\"><h4 class=\"elementor-image-box-title\">Izrada armaturnih nacrta<\/h4><p class=\"elementor-image-box-description\">Izrada armaturnih nacrta osigurava pravilno postavljanje armature za optimalnu \u010dvrsto\u0107u i stabilnost konstrukcije.<\/p><\/div><\/div>\t\t<\/div>\n\t\t\t\t<\/div>\n\t\t\t\t\t<\/div>\n\t\t<\/div>\n\t\t\t\t<div class=\"elementor-column elementor-col-33 elementor-inner-column elementor-element elementor-element-227334f7\" data-id=\"227334f7\" data-element_type=\"column\">\n\t\t\t<div class=\"elementor-widget-wrap elementor-element-populated\">\n\t\t\t\t\t\t<div class=\"elementor-element elementor-element-450fe12d elementor-position-top elementor-widget elementor-widget-image-box\" data-id=\"450fe12d\" data-element_type=\"widget\" data-widget_type=\"image-box.default\">\n\t\t\t\t<div class=\"elementor-widget-container\">\n\t\t\t<div class=\"elementor-image-box-wrapper\"><figure class=\"elementor-image-box-img\"><img decoding=\"async\" width=\"2500\" height=\"2500\" src=\"https:\/\/domus-designs.com\/wp-content\/uploads\/2024\/08\/I16.png\" class=\"attachment-full size-full wp-image-81\" alt=\"\" srcset=\"https:\/\/domus-designs.com\/wp-content\/uploads\/2024\/08\/I16.png 2500w, https:\/\/domus-designs.com\/wp-content\/uploads\/2024\/08\/I16-300x300.png 300w, https:\/\/domus-designs.com\/wp-content\/uploads\/2024\/08\/I16-1024x1024.png 1024w, https:\/\/domus-designs.com\/wp-content\/uploads\/2024\/08\/I16-150x150.png 150w, https:\/\/domus-designs.com\/wp-content\/uploads\/2024\/08\/I16-768x768.png 768w, https:\/\/domus-designs.com\/wp-content\/uploads\/2024\/08\/I16-1536x1536.png 1536w, https:\/\/domus-designs.com\/wp-content\/uploads\/2024\/08\/I16-2048x2048.png 2048w\" sizes=\"(max-width: 2500px) 100vw, 2500px\" \/><\/figure><div class=\"elementor-image-box-content\"><h4 class=\"elementor-image-box-title\">Izrada planova oplate<\/h4><p class=\"elementor-image-box-description\">Izrada planova oplate omogu\u0107ava precizno oblikovanje armiranobetonskih konstrukcija za sigurnu i efikasnu izgradnju.<\/p><\/div><\/div>\t\t<\/div>\n\t\t\t\t<\/div>\n\t\t\t\t\t<\/div>\n\t\t<\/div>\n\t\t\t\t<div class=\"elementor-column elementor-col-33 elementor-inner-column elementor-element elementor-element-423c6b71\" data-id=\"423c6b71\" data-element_type=\"column\">\n\t\t\t<div class=\"elementor-widget-wrap elementor-element-populated\">\n\t\t\t\t\t\t<div class=\"elementor-element elementor-element-31b45c27 elementor-position-top elementor-widget elementor-widget-image-box\" data-id=\"31b45c27\" data-element_type=\"widget\" data-widget_type=\"image-box.default\">\n\t\t\t\t<div class=\"elementor-widget-container\">\n\t\t\t<div class=\"elementor-image-box-wrapper\"><figure class=\"elementor-image-box-img\"><img decoding=\"async\" width=\"2500\" height=\"2500\" src=\"https:\/\/domus-designs.com\/wp-content\/uploads\/2024\/08\/I17.png\" class=\"attachment-full size-full wp-image-82\" alt=\"\" srcset=\"https:\/\/domus-designs.com\/wp-content\/uploads\/2024\/08\/I17.png 2500w, https:\/\/domus-designs.com\/wp-content\/uploads\/2024\/08\/I17-300x300.png 300w, https:\/\/domus-designs.com\/wp-content\/uploads\/2024\/08\/I17-1024x1024.png 1024w, https:\/\/domus-designs.com\/wp-content\/uploads\/2024\/08\/I17-150x150.png 150w, https:\/\/domus-designs.com\/wp-content\/uploads\/2024\/08\/I17-768x768.png 768w, https:\/\/domus-designs.com\/wp-content\/uploads\/2024\/08\/I17-1536x1536.png 1536w, https:\/\/domus-designs.com\/wp-content\/uploads\/2024\/08\/I17-2048x2048.png 2048w\" sizes=\"(max-width: 2500px) 100vw, 2500px\" \/><\/figure><div class=\"elementor-image-box-content\"><h4 class=\"elementor-image-box-title\">Stati\u010dki prora\u010duni<\/h4><p class=\"elementor-image-box-description\">Stati\u010dki prora\u010duni osiguravaju stabilnost i sigurnost konstrukcije kroz detaljne izra\u010dune nosivosti i optere\u0107enja.<\/p><\/div><\/div>\t\t<\/div>\n\t\t\t\t<\/div>\n\t\t\t\t\t<\/div>\n\t\t<\/div>\n\t\t\t\t\t<\/div>\n\t\t<\/section>\n\t\t\t\t\t<\/div>\n\t\t<\/div>\n\t\t\t\t\t<\/div>\n\t\t<\/section>\n\t\t\t\t<\/div>\n\t\t","protected":false},"excerpt":{"rendered":"<p>Biro za konstrukciju NA\u0160E USLUGE BIRO ZA KONSTRUKCIJU Biro za konstrukciju specijaliziran je za pru\u017eanje sveobuhvatnih usluga u oblasti projektovanja, uklju\u010duju\u0107i izradu armaturnih nacrta, planova oplate i stati\u010dkih prora\u010duna. Na\u0161 tim stru\u010dnjaka osigurava da svi elementi budu precizno dizajnirani i prilago\u0111eni specifi\u010dnim potrebama projekta, \u010dime garantujemo stabilnost i sigurnost konstrukcija. Kroz detaljnu analizu i inovativna [&hellip;]<\/p>\n","protected":false},"author":3,"featured_media":0,"parent":0,"menu_order":0,"comment_status":"closed","ping_status":"closed","template":"elementor_header_footer","meta":{"footnotes":""},"class_list":["post-327","page","type-page","status-publish","hentry"],"_links":{"self":[{"href":"https:\/\/domus-designs.com\/index.php?rest_route=\/wp\/v2\/pages\/327","targetHints":{"allow":["GET"]}}],"collection":[{"href":"https:\/\/domus-designs.com\/index.php?rest_route=\/wp\/v2\/pages"}],"about":[{"href":"https:\/\/domus-designs.com\/index.php?rest_route=\/wp\/v2\/types\/page"}],"author":[{"embeddable":true,"href":"https:\/\/domus-designs.com\/index.php?rest_route=\/wp\/v2\/users\/3"}],"replies":[{"embeddable":true,"href":"https:\/\/domus-designs.com\/index.php?rest_route=%2Fwp%2Fv2%2Fcomments&post=327"}],"version-history":[{"count":25,"href":"https:\/\/domus-designs.com\/index.php?rest_route=\/wp\/v2\/pages\/327\/revisions"}],"predecessor-version":[{"id":659,"href":"https:\/\/domus-designs.com\/index.php?rest_route=\/wp\/v2\/pages\/327\/revisions\/659"}],"wp:attachment":[{"href":"https:\/\/domus-designs.com\/index.php?rest_route=%2Fwp%2Fv2%2Fmedia&parent=327"}],"curies":[{"name":"wp","href":"https:\/\/api.w.org\/{rel}","templated":true}]}}