{"id":131,"date":"2024-08-28T11:20:08","date_gmt":"2024-08-28T11:20:08","guid":{"rendered":"https:\/\/domus-designs.com\/?page_id=131"},"modified":"2024-09-24T13:27:50","modified_gmt":"2024-09-24T13:27:50","slug":"reference","status":"publish","type":"page","link":"https:\/\/domus-designs.com\/?page_id=131","title":{"rendered":"Project Detail"},"content":{"rendered":"\t\t<div data-elementor-type=\"wp-page\" data-elementor-id=\"131\" class=\"elementor elementor-131\" data-elementor-post-type=\"page\">\n\t\t\t\t\t\t<section class=\"elementor-section elementor-top-section elementor-element elementor-element-3ebbd507 elementor-section-height-min-height elementor-section-boxed elementor-section-height-default elementor-section-items-middle\" data-id=\"3ebbd507\" data-element_type=\"section\" data-settings=\"{&quot;background_background&quot;:&quot;classic&quot;}\">\n\t\t\t\t\t\t\t<div class=\"elementor-background-overlay\"><\/div>\n\t\t\t\t\t\t\t<div class=\"elementor-container elementor-column-gap-default\">\n\t\t\t\t\t<div class=\"elementor-column elementor-col-100 elementor-top-column elementor-element elementor-element-178fc452\" data-id=\"178fc452\" data-element_type=\"column\">\n\t\t\t<div class=\"elementor-widget-wrap elementor-element-populated\">\n\t\t\t\t\t\t<div class=\"elementor-element elementor-element-61496e62 elementor-widget elementor-widget-heading\" data-id=\"61496e62\" data-element_type=\"widget\" data-widget_type=\"heading.default\">\n\t\t\t\t<div class=\"elementor-widget-container\">\n\t\t\t<style>\/*! elementor - v3.23.0 - 05-08-2024 *\/\n.elementor-heading-title{padding:0;margin:0;line-height:1}.elementor-widget-heading .elementor-heading-title[class*=elementor-size-]>a{color:inherit;font-size:inherit;line-height:inherit}.elementor-widget-heading .elementor-heading-title.elementor-size-small{font-size:15px}.elementor-widget-heading .elementor-heading-title.elementor-size-medium{font-size:19px}.elementor-widget-heading .elementor-heading-title.elementor-size-large{font-size:29px}.elementor-widget-heading .elementor-heading-title.elementor-size-xl{font-size:39px}.elementor-widget-heading .elementor-heading-title.elementor-size-xxl{font-size:59px}<\/style><h2 class=\"elementor-heading-title elementor-size-default\">Project Detail<\/h2>\t\t<\/div>\n\t\t\t\t<\/div>\n\t\t\t\t\t<\/div>\n\t\t<\/div>\n\t\t\t\t\t<\/div>\n\t\t<\/section>\n\t\t\t\t<section class=\"elementor-section elementor-top-section elementor-element elementor-element-6b1e549 elementor-section-boxed elementor-section-height-default elementor-section-height-default\" data-id=\"6b1e549\" data-element_type=\"section\">\n\t\t\t\t\t\t<div class=\"elementor-container elementor-column-gap-default\">\n\t\t\t\t\t<div class=\"elementor-column elementor-col-50 elementor-top-column elementor-element elementor-element-dbf0b98\" data-id=\"dbf0b98\" data-element_type=\"column\">\n\t\t\t<div class=\"elementor-widget-wrap elementor-element-populated\">\n\t\t\t\t\t\t<div class=\"elementor-element elementor-element-aa8f47b elementor-widget elementor-widget-heading\" data-id=\"aa8f47b\" data-element_type=\"widget\" data-widget_type=\"heading.default\">\n\t\t\t\t<div class=\"elementor-widget-container\">\n\t\t\t<h3 class=\"elementor-heading-title elementor-size-default\">Glavne reference<\/h3>\t\t<\/div>\n\t\t\t\t<\/div>\n\t\t\t\t<div class=\"elementor-element elementor-element-f0eeb9e elementor-widget elementor-widget-text-editor\" data-id=\"f0eeb9e\" data-element_type=\"widget\" data-widget_type=\"text-editor.default\">\n\t\t\t\t<div class=\"elementor-widget-container\">\n\t\t\t<style>\/*! elementor - v3.23.0 - 05-08-2024 *\/\n.elementor-widget-text-editor.elementor-drop-cap-view-stacked .elementor-drop-cap{background-color:#69727d;color:#fff}.elementor-widget-text-editor.elementor-drop-cap-view-framed .elementor-drop-cap{color:#69727d;border:3px solid;background-color:transparent}.elementor-widget-text-editor:not(.elementor-drop-cap-view-default) .elementor-drop-cap{margin-top:8px}.elementor-widget-text-editor:not(.elementor-drop-cap-view-default) .elementor-drop-cap-letter{width:1em;height:1em}.elementor-widget-text-editor .elementor-drop-cap{float:left;text-align:center;line-height:1;font-size:50px}.elementor-widget-text-editor .elementor-drop-cap-letter{display:inline-block}<\/style>\t\t\t\t<ol><li>Stambeno poslovni objekat Emona<\/li><li>Stambeno poslovni objekat Park<\/li><li>Stambeni objekat Potok<\/li><li>Poliklinika Medika<\/li><li>Poliklinika Dizdarevi\u0107<\/li><li>Stambeno poslovni objekat Deela<\/li><li>Stambeno poslovni objekat Rudniktrans<\/li><li>Stambeno poslovni objekat Ljubu\u0161ki<\/li><li>Poslovni objekat Ekroprom Pe\u010duj<\/li><li>Poslovni objekat Faro Zenica<\/li><li>Stambeno poslovni objekat Ekroprom Zacarina<\/li><li>Poslovni objekat Boms<\/li><li>Poslovni objekat Prima commerce<\/li><li>Stambeno poslovni objekat La\u0111ana<\/li><li>Projekat stambenog objekta Be\u0161li\u0107<\/li><li>Robna ku\u0107a Best Vitez<\/li><li>Poslovni objekat Vatrostalna<\/li><li>Poslovni objekat Best Donji Vakuf<\/li><li>Poslovni objekat Missprom Zenica<\/li><li>Poslovno tr\u017eni centar Gornji Vakuf<\/li><li>Adaptacija krova I krovne konstrukcije obdani\u0161te \u201cDunja\u201d Zenica<\/li><li>Adaptacija I rekonstrukcija objekta Tempernica u krugu KPZ Zenica<\/li><li>Upravni objekat Treasure Zenica<\/li><li>Upravni objekat Alba Zenica- adaptacija i rekonstrukcija<\/li><li>Proizvodna hala Braca Karic Zenica<\/li><li>Poslovni objekat BBI banka u Zenici<\/li><\/ol>\t\t\t\t\t\t<\/div>\n\t\t\t\t<\/div>\n\t\t\t\t\t<\/div>\n\t\t<\/div>\n\t\t\t\t<div class=\"elementor-column elementor-col-50 elementor-top-column elementor-element elementor-element-26d7951\" data-id=\"26d7951\" data-element_type=\"column\">\n\t\t\t<div class=\"elementor-widget-wrap elementor-element-populated\">\n\t\t\t\t\t\t<section class=\"elementor-section elementor-inner-section elementor-element elementor-element-64fb443 elementor-section-boxed elementor-section-height-default elementor-section-height-default\" data-id=\"64fb443\" data-element_type=\"section\">\n\t\t\t\t\t\t<div class=\"elementor-container elementor-column-gap-default\">\n\t\t\t\t\t<div class=\"elementor-column elementor-col-50 elementor-inner-column elementor-element elementor-element-911ec7a\" data-id=\"911ec7a\" data-element_type=\"column\">\n\t\t\t<div class=\"elementor-widget-wrap elementor-element-populated\">\n\t\t\t\t\t\t<div class=\"elementor-element elementor-element-5ad4835 elementor-widget elementor-widget-image\" data-id=\"5ad4835\" data-element_type=\"widget\" data-widget_type=\"image.default\">\n\t\t\t\t<div class=\"elementor-widget-container\">\n\t\t\t\t\t\t\t\t\t\t\t\t\t<img fetchpriority=\"high\" decoding=\"async\" width=\"900\" height=\"900\" src=\"https:\/\/domus-designs.com\/wp-content\/uploads\/2024\/08\/P2.jpg\" class=\"attachment-full size-full wp-image-88\" alt=\"\" srcset=\"https:\/\/domus-designs.com\/wp-content\/uploads\/2024\/08\/P2.jpg 900w, https:\/\/domus-designs.com\/wp-content\/uploads\/2024\/08\/P2-300x300.jpg 300w, https:\/\/domus-designs.com\/wp-content\/uploads\/2024\/08\/P2-150x150.jpg 150w, https:\/\/domus-designs.com\/wp-content\/uploads\/2024\/08\/P2-768x768.jpg 768w\" sizes=\"(max-width: 900px) 100vw, 900px\" \/>\t\t\t\t\t\t\t\t\t\t\t\t\t<\/div>\n\t\t\t\t<\/div>\n\t\t\t\t\t<\/div>\n\t\t<\/div>\n\t\t\t\t<div class=\"elementor-column elementor-col-50 elementor-inner-column elementor-element elementor-element-c6707e1\" data-id=\"c6707e1\" data-element_type=\"column\">\n\t\t\t<div class=\"elementor-widget-wrap elementor-element-populated\">\n\t\t\t\t\t\t<div class=\"elementor-element elementor-element-b507d05 elementor-widget elementor-widget-image\" data-id=\"b507d05\" data-element_type=\"widget\" data-widget_type=\"image.default\">\n\t\t\t\t<div class=\"elementor-widget-container\">\n\t\t\t\t\t\t\t\t\t\t\t\t\t<img decoding=\"async\" width=\"1024\" height=\"724\" src=\"https:\/\/domus-designs.com\/wp-content\/uploads\/2024\/09\/Stambeno-poslovni-objekat-Ljubuski-3D-prikaz-1024x724.jpg\" class=\"attachment-large size-large wp-image-726\" alt=\"\" srcset=\"https:\/\/domus-designs.com\/wp-content\/uploads\/2024\/09\/Stambeno-poslovni-objekat-Ljubuski-3D-prikaz-1024x724.jpg 1024w, https:\/\/domus-designs.com\/wp-content\/uploads\/2024\/09\/Stambeno-poslovni-objekat-Ljubuski-3D-prikaz-300x212.jpg 300w, https:\/\/domus-designs.com\/wp-content\/uploads\/2024\/09\/Stambeno-poslovni-objekat-Ljubuski-3D-prikaz-768x543.jpg 768w, https:\/\/domus-designs.com\/wp-content\/uploads\/2024\/09\/Stambeno-poslovni-objekat-Ljubuski-3D-prikaz-1536x1086.jpg 1536w, https:\/\/domus-designs.com\/wp-content\/uploads\/2024\/09\/Stambeno-poslovni-objekat-Ljubuski-3D-prikaz.jpg 1654w\" sizes=\"(max-width: 1024px) 100vw, 1024px\" \/>\t\t\t\t\t\t\t\t\t\t\t\t\t<\/div>\n\t\t\t\t<\/div>\n\t\t\t\t\t<\/div>\n\t\t<\/div>\n\t\t\t\t\t<\/div>\n\t\t<\/section>\n\t\t\t\t<section class=\"elementor-section elementor-inner-section elementor-element elementor-element-7cb2e61 elementor-section-boxed elementor-section-height-default elementor-section-height-default\" data-id=\"7cb2e61\" data-element_type=\"section\">\n\t\t\t\t\t\t<div class=\"elementor-container elementor-column-gap-default\">\n\t\t\t\t\t<div class=\"elementor-column elementor-col-50 elementor-inner-column elementor-element elementor-element-9f81fea\" data-id=\"9f81fea\" data-element_type=\"column\">\n\t\t\t<div class=\"elementor-widget-wrap elementor-element-populated\">\n\t\t\t\t\t\t<div class=\"elementor-element elementor-element-cbcf085 elementor-widget elementor-widget-image\" data-id=\"cbcf085\" data-element_type=\"widget\" data-widget_type=\"image.default\">\n\t\t\t\t<div class=\"elementor-widget-container\">\n\t\t\t\t\t\t\t\t\t\t\t\t\t<img decoding=\"async\" width=\"1280\" height=\"1920\" src=\"https:\/\/domus-designs.com\/wp-content\/uploads\/2024\/08\/P1.jpg\" class=\"attachment-full size-full wp-image-92\" alt=\"\" srcset=\"https:\/\/domus-designs.com\/wp-content\/uploads\/2024\/08\/P1.jpg 1280w, https:\/\/domus-designs.com\/wp-content\/uploads\/2024\/08\/P1-200x300.jpg 200w, https:\/\/domus-designs.com\/wp-content\/uploads\/2024\/08\/P1-683x1024.jpg 683w, https:\/\/domus-designs.com\/wp-content\/uploads\/2024\/08\/P1-768x1152.jpg 768w, https:\/\/domus-designs.com\/wp-content\/uploads\/2024\/08\/P1-1024x1536.jpg 1024w\" sizes=\"(max-width: 1280px) 100vw, 1280px\" \/>\t\t\t\t\t\t\t\t\t\t\t\t\t<\/div>\n\t\t\t\t<\/div>\n\t\t\t\t\t<\/div>\n\t\t<\/div>\n\t\t\t\t<div class=\"elementor-column elementor-col-50 elementor-inner-column elementor-element elementor-element-18654a9\" data-id=\"18654a9\" data-element_type=\"column\">\n\t\t\t<div class=\"elementor-widget-wrap elementor-element-populated\">\n\t\t\t\t\t\t<div class=\"elementor-element elementor-element-3512b3c elementor-widget elementor-widget-image\" data-id=\"3512b3c\" data-element_type=\"widget\" data-widget_type=\"image.default\">\n\t\t\t\t<div class=\"elementor-widget-container\">\n\t\t\t\t\t\t\t\t\t\t\t\t\t<img loading=\"lazy\" decoding=\"async\" width=\"1024\" height=\"683\" src=\"https:\/\/domus-designs.com\/wp-content\/uploads\/2024\/09\/man-working-on-architectural-design-at-office-2023-11-27-05-33-28-utc-1024x683.jpg\" class=\"attachment-large size-large wp-image-721\" alt=\"\" srcset=\"https:\/\/domus-designs.com\/wp-content\/uploads\/2024\/09\/man-working-on-architectural-design-at-office-2023-11-27-05-33-28-utc-1024x683.jpg 1024w, https:\/\/domus-designs.com\/wp-content\/uploads\/2024\/09\/man-working-on-architectural-design-at-office-2023-11-27-05-33-28-utc-300x200.jpg 300w, https:\/\/domus-designs.com\/wp-content\/uploads\/2024\/09\/man-working-on-architectural-design-at-office-2023-11-27-05-33-28-utc-768x512.jpg 768w, https:\/\/domus-designs.com\/wp-content\/uploads\/2024\/09\/man-working-on-architectural-design-at-office-2023-11-27-05-33-28-utc-1536x1024.jpg 1536w, https:\/\/domus-designs.com\/wp-content\/uploads\/2024\/09\/man-working-on-architectural-design-at-office-2023-11-27-05-33-28-utc-2048x1365.jpg 2048w\" sizes=\"(max-width: 1024px) 100vw, 1024px\" \/>\t\t\t\t\t\t\t\t\t\t\t\t\t<\/div>\n\t\t\t\t<\/div>\n\t\t\t\t\t<\/div>\n\t\t<\/div>\n\t\t\t\t\t<\/div>\n\t\t<\/section>\n\t\t\t\t\t<\/div>\n\t\t<\/div>\n\t\t\t\t\t<\/div>\n\t\t<\/section>\n\t\t<div class=\"elementor-element elementor-element-a7ac08e e-flex e-con-boxed e-con e-parent\" data-id=\"a7ac08e\" data-element_type=\"container\">\n\t\t\t\t\t<div class=\"e-con-inner\">\n\t\t\t\t<div class=\"elementor-element elementor-element-08b9e67 elementor-widget elementor-widget-heading\" data-id=\"08b9e67\" data-element_type=\"widget\" data-widget_type=\"heading.default\">\n\t\t\t\t<div class=\"elementor-widget-container\">\n\t\t\t<h2 class=\"elementor-heading-title elementor-size-default\">Ostale reference<\/h2>\t\t<\/div>\n\t\t\t\t<\/div>\n\t\t\t\t<div class=\"elementor-element elementor-element-9fe78a3 elementor-widget elementor-widget-html\" data-id=\"9fe78a3\" data-element_type=\"widget\" data-widget_type=\"html.default\">\n\t\t\t\t<div class=\"elementor-widget-container\">\n\t\t\t<table border=\"1\" cellpadding=\"10\" cellspacing=\"0\" style=\"width:100%; border-collapse:collapse;\">\r\n  <thead>\r\n    <tr style=\"background-color:#f2f2f2;\">\r\n      <th>#<\/th>\r\n      <th>Projekat<\/th>\r\n      <th>Lokacija<\/th>\r\n    <\/tr>\r\n  <\/thead>\r\n  <tbody>\r\n    <tr>\r\n      <td>1<\/td>\r\n      <td>Poslovni objekat Robot<\/td>\r\n      <td>Kakanj<\/td>\r\n    <\/tr>\r\n    <tr>\r\n      <td>2<\/td>\r\n      <td>Kantonalno Tu\u017eila\u0161tvo<\/td>\r\n      <td>Zenica<\/td>\r\n    <\/tr>\r\n    <tr>\r\n      <td>3<\/td>\r\n      <td>Stambeni objekat Brist<\/td>\r\n      <td>Zenica<\/td>\r\n    <\/tr>\r\n    <tr>\r\n      <td>4<\/td>\r\n      <td>Upravna zgrada Elektrodistribucije<\/td>\r\n      <td>Biha\u0107<\/td>\r\n    <\/tr>\r\n    <tr>\r\n      <td>5<\/td>\r\n      <td>Benzinska pumpa Hifa<\/td>\r\n      <td>Zavidovi\u0107i<\/td>\r\n    <\/tr>\r\n    <tr>\r\n      <td>6<\/td>\r\n      <td>Poslovni objekat<\/td>\r\n      <td>Nova Bila<\/td>\r\n    <\/tr>\r\n    <tr>\r\n      <td>7<\/td>\r\n      <td>Poslovni objekat Best<\/td>\r\n      <td>Novi Travnik<\/td>\r\n    <\/tr>\r\n    <tr>\r\n      <td>8<\/td>\r\n      <td>Osnovna i srednja glazbena \u0161kola<\/td>\r\n      <td>Novi Travnik<\/td>\r\n    <\/tr>\r\n    <tr>\r\n      <td>9<\/td>\r\n      <td>Skladi\u0161no poslovni objekat Vujevi\u0107 company<\/td>\r\n      <td>Vitez<\/td>\r\n    <\/tr>\r\n    <tr>\r\n      <td>10<\/td>\r\n      <td>Stambeno poslovni objekat Bajra<\/td>\r\n      <td>Novi Travnik<\/td>\r\n    <\/tr>\r\n    <tr>\r\n      <td>11<\/td>\r\n      <td>Izrada Elaborata o mogu\u0107nosti nadogradnje sprata<\/td>\r\n      <td>Kantonalna bolnica Zenica<\/td>\r\n    <\/tr>\r\n    <tr>\r\n      <td>12<\/td>\r\n      <td>Proizvodni objekat Boha - nadogradnja<\/td>\r\n      <td>Zenica<\/td>\r\n    <\/tr>\r\n    <tr>\r\n      <td>13<\/td>\r\n      <td>Proizvodni objekat Empress<\/td>\r\n      <td>Zenica<\/td>\r\n    <\/tr>\r\n    <tr>\r\n      <td>14<\/td>\r\n      <td>Proizvodni objekat Lamsar<\/td>\r\n      <td>Zenica<\/td>\r\n    <\/tr>\r\n    <tr>\r\n      <td>15<\/td>\r\n      <td>Stambeno poslovni objekat Tacen<\/td>\r\n      <td>Ljubljana<\/td>\r\n    <\/tr>\r\n    <tr>\r\n      <td>16<\/td>\r\n      <td>Stambeno poslovni objekat Vila Karunova<\/td>\r\n      <td>Ljubljana<\/td>\r\n    <\/tr>\r\n    <tr>\r\n      <td>17<\/td>\r\n      <td>Objekat za smje\u0161taj starijih osoba Dravlje<\/td>\r\n      <td>Ljubljana<\/td>\r\n    <\/tr>\r\n    <tr>\r\n      <td>18<\/td>\r\n      <td>Stambeni objekat SB3<\/td>\r\n      <td>Kozina<\/td>\r\n    <\/tr>\r\n    <tr>\r\n      <td>19<\/td>\r\n      <td>Stambeni objekat SB4<\/td>\r\n      <td>Kozina<\/td>\r\n    <\/tr>\r\n    <tr>\r\n      <td>20<\/td>\r\n      <td>Stambeni objekat SB5<\/td>\r\n      <td>Kozina<\/td>\r\n    <\/tr>\r\n    <tr>\r\n      <td>21<\/td>\r\n      <td>Stambeni objekat SB6<\/td>\r\n      <td>Kozina<\/td>\r\n    <\/tr>\r\n    <tr>\r\n      <td>22<\/td>\r\n      <td>Stambeni objekat SB7<\/td>\r\n      <td>Kozina<\/td>\r\n    <\/tr>\r\n    <tr>\r\n      <td>23<\/td>\r\n      <td>Dje\u010diji vrti\u0107<\/td>\r\n      <td>Stanjel<\/td>\r\n    <\/tr>\r\n    <tr>\r\n      <td>24<\/td>\r\n      <td>Skrbovana predtrg<\/td>\r\n      <td>-<\/td>\r\n    <\/tr>\r\n    <tr>\r\n      <td>25<\/td>\r\n      <td>Hribarjeva vila - Vila Zlatica<\/td>\r\n      <td>-<\/td>\r\n    <\/tr>\r\n    <tr>\r\n      <td>26<\/td>\r\n      <td>Hi\u0161a Zupan Smuk na Plani<\/td>\r\n      <td>-<\/td>\r\n    <\/tr>\r\n    <tr>\r\n      <td>27<\/td>\r\n      <td>Smuk<\/td>\r\n      <td>Kranjska Gora<\/td>\r\n    <\/tr>\r\n    <tr>\r\n      <td>28<\/td>\r\n      <td>Stanovanjski objekt<\/td>\r\n      <td>Postojna<\/td>\r\n    <\/tr>\r\n    <tr>\r\n      <td>29<\/td>\r\n      <td>Stambeni objekat sa gara\u017eom<\/td>\r\n      <td>Grosuplje<\/td>\r\n    <\/tr>\r\n    <tr>\r\n      <td>30<\/td>\r\n      <td>Most Visoko - drvena konstrukcija<\/td>\r\n      <td>Visoko<\/td>\r\n    <\/tr>\r\n    <tr>\r\n      <td>31<\/td>\r\n      <td>Sportni park<\/td>\r\n      <td>Radovljica<\/td>\r\n    <\/tr>\r\n    <tr>\r\n      <td>32<\/td>\r\n      <td>Rudnik \u017eive - adaptacija i dogradnja<\/td>\r\n      <td>Idrija<\/td>\r\n    <\/tr>\r\n    <tr>\r\n      <td>33<\/td>\r\n      <td>Upravna zgrada Akova Impex Mostarsko raskr\u0161\u0107e<\/td>\r\n      <td>Sarajevo<\/td>\r\n    <\/tr>\r\n    <tr>\r\n      <td>34<\/td>\r\n      <td>Gara\u017ea za teretna vozila Akova Impex Mostarsko raskr\u0161\u0107e<\/td>\r\n      <td>Sarajevo<\/td>\r\n    <\/tr>\r\n    <tr>\r\n      <td>35<\/td>\r\n      <td>Termo blok Akova Impex Mostarsko raskr\u0161\u0107e<\/td>\r\n      <td>Sarajevo<\/td>\r\n    <\/tr>\r\n    <tr>\r\n      <td>36<\/td>\r\n      <td>Upravna zgrada Elektrodistribucija<\/td>\r\n      <td>Zenica<\/td>\r\n    <\/tr>\r\n    <tr>\r\n      <td>37<\/td>\r\n      <td>Proizvodni objekat Prevent<\/td>\r\n      <td>Zenica<\/td>\r\n    <\/tr>\r\n    <tr>\r\n      <td>38<\/td>\r\n      <td>11 razli\u010ditih objekata u krugu KPZ<\/td>\r\n      <td>Zenica<\/td>\r\n    <\/tr>\r\n    <tr>\r\n      <td>39<\/td>\r\n      <td>Poslovno tr\u017eni centar Tali\u0107<\/td>\r\n      <td>Zenica<\/td>\r\n    <\/tr>\r\n    <tr>\r\n      <td>40<\/td>\r\n      <td>Poslovni objekat Alpeks<\/td>\r\n      <td>Sarajevo<\/td>\r\n    <\/tr>\r\n    <tr>\r\n      <td>41<\/td>\r\n      <td>Sportska dvorana i bazen O\u0160 Hasan Kjafija Pru\u0161\u010dak<\/td>\r\n      <td>Zenica<\/td>\r\n    <\/tr>\r\n    <tr>\r\n      <td>42<\/td>\r\n      <td>Stambeni objekat Potok<\/td>\r\n      <td>Zenica<\/td>\r\n    <\/tr>\r\n    <tr>\r\n      <td>43<\/td>\r\n      <td>Stambeno poslovni objekat Sun\u010dana dolina<\/td>\r\n      <td>Zenica<\/td>\r\n    <\/tr>\r\n    <tr>\r\n      <td>44<\/td>\r\n      <td>Islamski centar<\/td>\r\n      <td>Zenica<\/td>\r\n    <\/tr>\r\n    <tr>\r\n      <td>45<\/td>\r\n      <td>D\u017eamija<\/td>\r\n      <td>Nemila<\/td>\r\n    <\/tr>\r\n    <tr>\r\n      <td>46<\/td>\r\n      <td>Izgradnja vi\u0161e stambenih objekata financiranje od strane ASB Njema\u010dka<\/td>\r\n      <td>-<\/td>\r\n    <\/tr>\r\n  <\/tbody>\r\n<\/table>\r\n\t\t<\/div>\n\t\t\t\t<\/div>\n\t\t\t\t\t<\/div>\n\t\t\t\t<\/div>\n\t\t\t\t<\/div>\n\t\t","protected":false},"excerpt":{"rendered":"<p>Project Detail Glavne reference Stambeno poslovni objekat Emona Stambeno poslovni objekat Park Stambeni objekat Potok Poliklinika Medika Poliklinika Dizdarevi\u0107 Stambeno poslovni objekat Deela Stambeno poslovni objekat Rudniktrans Stambeno poslovni objekat Ljubu\u0161ki Poslovni objekat Ekroprom Pe\u010duj Poslovni objekat Faro Zenica Stambeno poslovni objekat Ekroprom Zacarina Poslovni objekat Boms Poslovni objekat Prima commerce Stambeno poslovni objekat La\u0111ana [&hellip;]<\/p>\n","protected":false},"author":3,"featured_media":0,"parent":0,"menu_order":0,"comment_status":"closed","ping_status":"closed","template":"elementor_header_footer","meta":{"footnotes":""},"class_list":["post-131","page","type-page","status-publish","hentry"],"_links":{"self":[{"href":"https:\/\/domus-designs.com\/index.php?rest_route=\/wp\/v2\/pages\/131","targetHints":{"allow":["GET"]}}],"collection":[{"href":"https:\/\/domus-designs.com\/index.php?rest_route=\/wp\/v2\/pages"}],"about":[{"href":"https:\/\/domus-designs.com\/index.php?rest_route=\/wp\/v2\/types\/page"}],"author":[{"embeddable":true,"href":"https:\/\/domus-designs.com\/index.php?rest_route=\/wp\/v2\/users\/3"}],"replies":[{"embeddable":true,"href":"https:\/\/domus-designs.com\/index.php?rest_route=%2Fwp%2Fv2%2Fcomments&post=131"}],"version-history":[{"count":17,"href":"https:\/\/domus-designs.com\/index.php?rest_route=\/wp\/v2\/pages\/131\/revisions"}],"predecessor-version":[{"id":801,"href":"https:\/\/domus-designs.com\/index.php?rest_route=\/wp\/v2\/pages\/131\/revisions\/801"}],"wp:attachment":[{"href":"https:\/\/domus-designs.com\/index.php?rest_route=%2Fwp%2Fv2%2Fmedia&parent=131"}],"curies":[{"name":"wp","href":"https:\/\/api.w.org\/{rel}","templated":true}]}}